{"id":2255,"date":"2024-04-22T17:19:39","date_gmt":"2024-04-22T14:19:39","guid":{"rendered":"https:\/\/akdemirenerji.com.tr\/?page_id=2255"},"modified":"2024-04-22T17:36:23","modified_gmt":"2024-04-22T14:36:23","slug":"hafriyat","status":"publish","type":"page","link":"https:\/\/akdemirenerji.com.tr\/?page_id=2255","title":{"rendered":"Hafriyat"},"content":{"rendered":"\t\t<div data-elementor-type=\"wp-page\" data-elementor-id=\"2255\" class=\"elementor elementor-2255\">\n\t\t\t\t\t\t<section class=\"elementor-section elementor-top-section elementor-element elementor-element-c29a3c5 elementor-section-height-full elementor-section-boxed elementor-section-height-default elementor-section-items-middle wpr-particle-no wpr-jarallax-no wpr-parallax-no wpr-sticky-section-no\" data-id=\"c29a3c5\" data-element_type=\"section\" data-settings=\"{&quot;background_background&quot;:&quot;classic&quot;}\">\n\t\t\t\t\t\t\t<div class=\"elementor-background-overlay\"><\/div>\n\t\t\t\t\t\t\t<div class=\"elementor-container elementor-column-gap-default\">\n\t\t\t\t\t<div class=\"elementor-column elementor-col-100 elementor-top-column elementor-element elementor-element-c7f4bb6\" data-id=\"c7f4bb6\" data-element_type=\"column\">\n\t\t\t<div class=\"elementor-widget-wrap elementor-element-populated\">\n\t\t\t\t\t\t<div class=\"elementor-element elementor-element-b1faa16 elementor-widget elementor-widget-heading\" data-id=\"b1faa16\" data-element_type=\"widget\" data-widget_type=\"heading.default\">\n\t\t\t\t<div class=\"elementor-widget-container\">\n\t\t\t<style>\/*! elementor - v3.20.0 - 26-03-2024 *\/\n.elementor-heading-title{padding:0;margin:0;line-height:1}.elementor-widget-heading .elementor-heading-title[class*=elementor-size-]>a{color:inherit;font-size:inherit;line-height:inherit}.elementor-widget-heading .elementor-heading-title.elementor-size-small{font-size:15px}.elementor-widget-heading .elementor-heading-title.elementor-size-medium{font-size:19px}.elementor-widget-heading .elementor-heading-title.elementor-size-large{font-size:29px}.elementor-widget-heading .elementor-heading-title.elementor-size-xl{font-size:39px}.elementor-widget-heading .elementor-heading-title.elementor-size-xxl{font-size:59px}<\/style><h2 class=\"elementor-heading-title elementor-size-default\">Hafriyat<\/h2>\t\t<\/div>\n\t\t\t\t<\/div>\n\t\t\t\t<div class=\"elementor-element elementor-element-a7c7066 elementor-widget elementor-widget-text-editor\" data-id=\"a7c7066\" data-element_type=\"widget\" data-widget_type=\"text-editor.default\">\n\t\t\t\t<div class=\"elementor-widget-container\">\n\t\t\t<style>\/*! elementor - v3.20.0 - 26-03-2024 *\/\n.elementor-widget-text-editor.elementor-drop-cap-view-stacked .elementor-drop-cap{background-color:#69727d;color:#fff}.elementor-widget-text-editor.elementor-drop-cap-view-framed .elementor-drop-cap{color:#69727d;border:3px solid;background-color:transparent}.elementor-widget-text-editor:not(.elementor-drop-cap-view-default) .elementor-drop-cap{margin-top:8px}.elementor-widget-text-editor:not(.elementor-drop-cap-view-default) .elementor-drop-cap-letter{width:1em;height:1em}.elementor-widget-text-editor .elementor-drop-cap{float:left;text-align:center;line-height:1;font-size:50px}.elementor-widget-text-editor .elementor-drop-cap-letter{display:inline-block}<\/style>\t\t\t\t<p>Akdemir \u0130n\u015faat, hafriyat sekt\u00f6r\u00fcnde yenilik\u00e7i ve kaliteli \u00e7\u00f6z\u00fcmler sunarak sekt\u00f6rde g\u00fc\u00e7l\u00fc bir varl\u0131k olarak \u00f6ne \u00e7\u0131kmaktad\u0131r. M\u00fc\u015fterilere sundu\u011fu hafriyat \u00e7\u00f6z\u00fcmleri, sekt\u00f6rdeki en iyi uygulamalar\u0131 ve m\u00fchendislik standartlar\u0131n\u0131 yans\u0131tmaktad\u0131r.<\/p><p>Her proje kapsam\u0131nda \u00fcst\u00fcn kalite ve profesyonellik anlay\u0131\u015f\u0131yla hareket eden Akdemir \u0130n\u015faat Hafriyat, modern teknolojiyi ve \u00e7evre dostu yakla\u015f\u0131mlar\u0131 kullanarak \u00e7evreci hafriyat i\u015flemleri ger\u00e7ekle\u015ftirmektedir. Projelerinde s\u00fcrd\u00fcr\u00fclebilir malzemeleri tercih ederek \u00e7evreye duyarl\u0131l\u0131k g\u00f6stermekte ve gelecek nesillere daha ya\u015fanabilir bir \u00e7evre b\u0131rakmay\u0131 hedeflemektedir.<\/p><p>M\u00fc\u015fteri memnuniyetini her zaman \u00f6ncelikli olarak benimseyen firma, \u015feffaf ileti\u015fim ve g\u00fcvenilirlik prensipleriyle hareket etmektedir. Her a\u015famada m\u00fc\u015fterilerle yak\u0131n i\u015fbirli\u011fi i\u00e7inde \u00e7al\u0131\u015farak ihtiya\u00e7lara uygun \u00e7\u00f6z\u00fcmler sunar\u0131z.<\/p><p>Akdemir \u0130n\u015faat olarak, sekt\u00f6rdeki liderli\u011fimizi s\u00fcrd\u00fcrerek hafriyat alan\u0131nda kaliteli ve yenilik\u00e7i projeler sunmaya devam etmekteyiz. M\u00fc\u015fterilere en iyi hizmeti sunarak g\u00fcvenilir bir i\u015f orta\u011f\u0131 olmay\u0131 ve \u00e7evreye duyarl\u0131l\u0131\u011f\u0131m\u0131zla \u00f6ne \u00e7\u0131kmay\u0131 taahh\u00fct etmekteyiz.<\/p>\t\t\t\t\t\t<\/div>\n\t\t\t\t<\/div>\n\t\t\t\t\t<\/div>\n\t\t<\/div>\n\t\t\t\t\t<\/div>\n\t\t<\/section>\n\t\t\t\t<\/div>\n\t\t","protected":false},"excerpt":{"rendered":"<p>Hafriyat Akdemir \u0130n\u015faat, hafriyat sekt\u00f6r\u00fcnde yenilik\u00e7i ve kaliteli \u00e7\u00f6z\u00fcmler sunarak sekt\u00f6rde g\u00fc\u00e7l\u00fc bir varl\u0131k olarak \u00f6ne \u00e7\u0131kmaktad\u0131r. M\u00fc\u015fterilere sundu\u011fu hafriyat \u00e7\u00f6z\u00fcmleri, sekt\u00f6rdeki en iyi uygulamalar\u0131 ve m\u00fchendislik standartlar\u0131n\u0131 yans\u0131tmaktad\u0131r. Her proje kapsam\u0131nda \u00fcst\u00fcn kalite ve profesyonellik anlay\u0131\u015f\u0131yla hareket eden Akdemir \u0130n\u015faat Hafriyat, modern teknolojiyi ve \u00e7evre dostu yakla\u015f\u0131mlar\u0131 kullanarak \u00e7evreci hafriyat i\u015flemleri ger\u00e7ekle\u015ftirmektedir. Projelerinde s\u00fcrd\u00fcr\u00fclebilir [&hellip;]<\/p>\n","protected":false},"author":4,"featured_media":0,"parent":0,"menu_order":0,"comment_status":"closed","ping_status":"closed","template":"elementor_canvas","meta":{"footnotes":""},"class_list":["post-2255","page","type-page","status-publish","hentry"],"_links":{"self":[{"href":"https:\/\/akdemirenerji.com.tr\/index.php?rest_route=\/wp\/v2\/pages\/2255","targetHints":{"allow":["GET"]}}],"collection":[{"href":"https:\/\/akdemirenerji.com.tr\/index.php?rest_route=\/wp\/v2\/pages"}],"about":[{"href":"https:\/\/akdemirenerji.com.tr\/index.php?rest_route=\/wp\/v2\/types\/page"}],"author":[{"embeddable":true,"href":"https:\/\/akdemirenerji.com.tr\/index.php?rest_route=\/wp\/v2\/users\/4"}],"replies":[{"embeddable":true,"href":"https:\/\/akdemirenerji.com.tr\/index.php?rest_route=%2Fwp%2Fv2%2Fcomments&post=2255"}],"version-history":[{"count":14,"href":"https:\/\/akdemirenerji.com.tr\/index.php?rest_route=\/wp\/v2\/pages\/2255\/revisions"}],"predecessor-version":[{"id":2272,"href":"https:\/\/akdemirenerji.com.tr\/index.php?rest_route=\/wp\/v2\/pages\/2255\/revisions\/2272"}],"wp:attachment":[{"href":"https:\/\/akdemirenerji.com.tr\/index.php?rest_route=%2Fwp%2Fv2%2Fmedia&parent=2255"}],"curies":[{"name":"wp","href":"https:\/\/api.w.org\/{rel}","templated":true}]}}