{"id":1961,"date":"2024-04-01T14:35:49","date_gmt":"2024-04-01T11:35:49","guid":{"rendered":"https:\/\/akdemirenerji.com.tr\/?page_id=1961"},"modified":"2024-04-23T18:15:38","modified_gmt":"2024-04-23T15:15:38","slug":"insaat","status":"publish","type":"page","link":"https:\/\/akdemirenerji.com.tr\/?page_id=1961","title":{"rendered":"\u0130n\u015faat"},"content":{"rendered":"\t\t<div data-elementor-type=\"wp-page\" data-elementor-id=\"1961\" class=\"elementor elementor-1961\">\n\t\t\t\t\t\t<section class=\"elementor-section elementor-top-section elementor-element elementor-element-c29a3c5 elementor-section-height-full elementor-section-boxed elementor-section-height-default elementor-section-items-middle wpr-particle-no wpr-jarallax-no wpr-parallax-no wpr-sticky-section-no\" data-id=\"c29a3c5\" data-element_type=\"section\" data-settings=\"{&quot;background_background&quot;:&quot;classic&quot;}\">\n\t\t\t\t\t\t\t<div class=\"elementor-background-overlay\"><\/div>\n\t\t\t\t\t\t\t<div class=\"elementor-container elementor-column-gap-default\">\n\t\t\t\t\t<div class=\"elementor-column elementor-col-100 elementor-top-column elementor-element elementor-element-c7f4bb6\" data-id=\"c7f4bb6\" data-element_type=\"column\">\n\t\t\t<div class=\"elementor-widget-wrap elementor-element-populated\">\n\t\t\t\t\t\t<div class=\"elementor-element elementor-element-b1faa16 elementor-widget elementor-widget-heading\" data-id=\"b1faa16\" data-element_type=\"widget\" data-widget_type=\"heading.default\">\n\t\t\t\t<div class=\"elementor-widget-container\">\n\t\t\t<style>\/*! elementor - v3.20.0 - 26-03-2024 *\/\n.elementor-heading-title{padding:0;margin:0;line-height:1}.elementor-widget-heading .elementor-heading-title[class*=elementor-size-]>a{color:inherit;font-size:inherit;line-height:inherit}.elementor-widget-heading .elementor-heading-title.elementor-size-small{font-size:15px}.elementor-widget-heading .elementor-heading-title.elementor-size-medium{font-size:19px}.elementor-widget-heading .elementor-heading-title.elementor-size-large{font-size:29px}.elementor-widget-heading .elementor-heading-title.elementor-size-xl{font-size:39px}.elementor-widget-heading .elementor-heading-title.elementor-size-xxl{font-size:59px}<\/style><h2 class=\"elementor-heading-title elementor-size-default\">\u0130n\u015faat<\/h2>\t\t<\/div>\n\t\t\t\t<\/div>\n\t\t\t\t<div class=\"elementor-element elementor-element-a7c7066 elementor-widget elementor-widget-text-editor\" data-id=\"a7c7066\" data-element_type=\"widget\" data-widget_type=\"text-editor.default\">\n\t\t\t\t<div class=\"elementor-widget-container\">\n\t\t\t<style>\/*! elementor - v3.20.0 - 26-03-2024 *\/\n.elementor-widget-text-editor.elementor-drop-cap-view-stacked .elementor-drop-cap{background-color:#69727d;color:#fff}.elementor-widget-text-editor.elementor-drop-cap-view-framed .elementor-drop-cap{color:#69727d;border:3px solid;background-color:transparent}.elementor-widget-text-editor:not(.elementor-drop-cap-view-default) .elementor-drop-cap{margin-top:8px}.elementor-widget-text-editor:not(.elementor-drop-cap-view-default) .elementor-drop-cap-letter{width:1em;height:1em}.elementor-widget-text-editor .elementor-drop-cap{float:left;text-align:center;line-height:1;font-size:50px}.elementor-widget-text-editor .elementor-drop-cap-letter{display:inline-block}<\/style>\t\t\t\t<p>Akdemir \u0130n\u015faat, in\u015faat sekt\u00f6r\u00fcndeki g\u00fc\u00e7l\u00fc varl\u0131\u011f\u0131yla kaliteli ve yenilik\u00e7i projeler sunmaya odaklanm\u0131\u015ft\u0131r. M\u00fc\u015fterilere sa\u011flad\u0131\u011f\u0131 \u00e7\u00f6z\u00fcmler, sekt\u00f6rdeki en iyi uygulamalar\u0131 ve m\u00fchendislik standartlar\u0131n\u0131 yans\u0131tmaktad\u0131r.<\/p><p>\u00dcst\u00fcn kalite ve profesyonellik anlay\u0131\u015f\u0131, her proje kapsam\u0131nda en iyi sonu\u00e7lar\u0131 elde etmelerini sa\u011flar. Akdemir \u0130n\u015faat olarak, modern teknoloji ve s\u00fcrd\u00fcr\u00fclebilir malzemeleri kullanarak \u00e7evre dostu binalar in\u015fa etmektedir.<\/p><p>M\u00fc\u015fteri memnuniyetini \u00f6ncelikli hedef olarak benimseyen firma, her a\u015famada \u015feffaf ileti\u015fim ve g\u00fcvenilirlik prensipleriyle hareket etmektedir. \u0130n\u015faat sekt\u00f6r\u00fcnde liderli\u011fini s\u00fcrd\u00fcrerek, gelecek nesillere daha ya\u015fanabilir bir \u00e7evre b\u0131rakmay\u0131 taahh\u00fct etmektedir.<\/p>\t\t\t\t\t\t<\/div>\n\t\t\t\t<\/div>\n\t\t\t\t\t<\/div>\n\t\t<\/div>\n\t\t\t\t\t<\/div>\n\t\t<\/section>\n\t\t\t\t<\/div>\n\t\t","protected":false},"excerpt":{"rendered":"<p>\u0130n\u015faat Akdemir \u0130n\u015faat, in\u015faat sekt\u00f6r\u00fcndeki g\u00fc\u00e7l\u00fc varl\u0131\u011f\u0131yla kaliteli ve yenilik\u00e7i projeler sunmaya odaklanm\u0131\u015ft\u0131r. M\u00fc\u015fterilere sa\u011flad\u0131\u011f\u0131 \u00e7\u00f6z\u00fcmler, sekt\u00f6rdeki en iyi uygulamalar\u0131 ve m\u00fchendislik standartlar\u0131n\u0131 yans\u0131tmaktad\u0131r. \u00dcst\u00fcn kalite ve profesyonellik anlay\u0131\u015f\u0131, her proje kapsam\u0131nda en iyi sonu\u00e7lar\u0131 elde etmelerini sa\u011flar. Akdemir \u0130n\u015faat olarak, modern teknoloji ve s\u00fcrd\u00fcr\u00fclebilir malzemeleri kullanarak \u00e7evre dostu binalar in\u015fa etmektedir. M\u00fc\u015fteri memnuniyetini \u00f6ncelikli [&hellip;]<\/p>\n","protected":false},"author":1,"featured_media":0,"parent":0,"menu_order":0,"comment_status":"closed","ping_status":"closed","template":"elementor_canvas","meta":{"footnotes":""},"class_list":["post-1961","page","type-page","status-publish","hentry"],"_links":{"self":[{"href":"https:\/\/akdemirenerji.com.tr\/index.php?rest_route=\/wp\/v2\/pages\/1961","targetHints":{"allow":["GET"]}}],"collection":[{"href":"https:\/\/akdemirenerji.com.tr\/index.php?rest_route=\/wp\/v2\/pages"}],"about":[{"href":"https:\/\/akdemirenerji.com.tr\/index.php?rest_route=\/wp\/v2\/types\/page"}],"author":[{"embeddable":true,"href":"https:\/\/akdemirenerji.com.tr\/index.php?rest_route=\/wp\/v2\/users\/1"}],"replies":[{"embeddable":true,"href":"https:\/\/akdemirenerji.com.tr\/index.php?rest_route=%2Fwp%2Fv2%2Fcomments&post=1961"}],"version-history":[{"count":10,"href":"https:\/\/akdemirenerji.com.tr\/index.php?rest_route=\/wp\/v2\/pages\/1961\/revisions"}],"predecessor-version":[{"id":2281,"href":"https:\/\/akdemirenerji.com.tr\/index.php?rest_route=\/wp\/v2\/pages\/1961\/revisions\/2281"}],"wp:attachment":[{"href":"https:\/\/akdemirenerji.com.tr\/index.php?rest_route=%2Fwp%2Fv2%2Fmedia&parent=1961"}],"curies":[{"name":"wp","href":"https:\/\/api.w.org\/{rel}","templated":true}]}}