{"id":19,"date":"2023-08-17T08:03:25","date_gmt":"2023-08-17T05:03:25","guid":{"rendered":"https:\/\/demosites.royal-elementor-addons.com\/nature-v2\/?page_id=19"},"modified":"2024-04-01T14:33:52","modified_gmt":"2024-04-01T11:33:52","slug":"enerji","status":"publish","type":"page","link":"https:\/\/akdemirenerji.com.tr\/?page_id=19","title":{"rendered":"Enerji"},"content":{"rendered":"\t\t<div data-elementor-type=\"wp-page\" data-elementor-id=\"19\" class=\"elementor elementor-19\">\n\t\t\t\t\t\t<section class=\"elementor-section elementor-top-section elementor-element elementor-element-c29a3c5 elementor-section-height-full elementor-section-boxed elementor-section-height-default elementor-section-items-middle wpr-particle-no wpr-jarallax-no wpr-parallax-no wpr-sticky-section-no\" data-id=\"c29a3c5\" data-element_type=\"section\" data-settings=\"{&quot;background_background&quot;:&quot;classic&quot;}\">\n\t\t\t\t\t\t\t<div class=\"elementor-background-overlay\"><\/div>\n\t\t\t\t\t\t\t<div class=\"elementor-container elementor-column-gap-default\">\n\t\t\t\t\t<div class=\"elementor-column elementor-col-100 elementor-top-column elementor-element elementor-element-c7f4bb6\" data-id=\"c7f4bb6\" data-element_type=\"column\">\n\t\t\t<div class=\"elementor-widget-wrap elementor-element-populated\">\n\t\t\t\t\t\t<div class=\"elementor-element elementor-element-b1faa16 elementor-widget elementor-widget-heading\" data-id=\"b1faa16\" data-element_type=\"widget\" data-widget_type=\"heading.default\">\n\t\t\t\t<div class=\"elementor-widget-container\">\n\t\t\t<style>\/*! elementor - v3.20.0 - 26-03-2024 *\/\n.elementor-heading-title{padding:0;margin:0;line-height:1}.elementor-widget-heading .elementor-heading-title[class*=elementor-size-]>a{color:inherit;font-size:inherit;line-height:inherit}.elementor-widget-heading .elementor-heading-title.elementor-size-small{font-size:15px}.elementor-widget-heading .elementor-heading-title.elementor-size-medium{font-size:19px}.elementor-widget-heading .elementor-heading-title.elementor-size-large{font-size:29px}.elementor-widget-heading .elementor-heading-title.elementor-size-xl{font-size:39px}.elementor-widget-heading .elementor-heading-title.elementor-size-xxl{font-size:59px}<\/style><h2 class=\"elementor-heading-title elementor-size-default\">Enerji<\/h2>\t\t<\/div>\n\t\t\t\t<\/div>\n\t\t\t\t<div class=\"elementor-element elementor-element-a7c7066 elementor-widget elementor-widget-text-editor\" data-id=\"a7c7066\" data-element_type=\"widget\" data-widget_type=\"text-editor.default\">\n\t\t\t\t<div class=\"elementor-widget-container\">\n\t\t\t<style>\/*! elementor - v3.20.0 - 26-03-2024 *\/\n.elementor-widget-text-editor.elementor-drop-cap-view-stacked .elementor-drop-cap{background-color:#69727d;color:#fff}.elementor-widget-text-editor.elementor-drop-cap-view-framed .elementor-drop-cap{color:#69727d;border:3px solid;background-color:transparent}.elementor-widget-text-editor:not(.elementor-drop-cap-view-default) .elementor-drop-cap{margin-top:8px}.elementor-widget-text-editor:not(.elementor-drop-cap-view-default) .elementor-drop-cap-letter{width:1em;height:1em}.elementor-widget-text-editor .elementor-drop-cap{float:left;text-align:center;line-height:1;font-size:50px}.elementor-widget-text-editor .elementor-drop-cap-letter{display:inline-block}<\/style>\t\t\t\t<p>Akdemir Enerji, enerji sekt\u00f6r\u00fcndeki g\u00fc\u00e7l\u00fc varl\u0131\u011f\u0131yla \u00e7evresel s\u00fcrd\u00fcr\u00fclebilirli\u011fi ve yenilik\u00e7i enerji \u00e7\u00f6z\u00fcmlerini desteklemeye odaklanm\u0131\u015ft\u0131r. Yenilenebilir enerji kaynaklar\u0131na olan ba\u011fl\u0131l\u0131\u011f\u0131m\u0131z, \u015firketimizin temel prensiplerinden biridir.<\/p><p>G\u00fcne\u015f, r\u00fczgar ve hidroelektrik gibi yenilenebilir enerji kaynaklar\u0131na yapt\u0131\u011f\u0131m\u0131z yat\u0131r\u0131mlar, sadece \u00e7evresel etkileri en aza indirgemekle kalmaz, ayn\u0131 zamanda enerji verimlili\u011fini art\u0131rarak s\u00fcrd\u00fcr\u00fclebilir bir gelece\u011fe katk\u0131da bulunur.<\/p><p>Akdemir Enerji olarak, inovasyona ve teknolojik ilerlemeye olan ba\u011fl\u0131l\u0131\u011f\u0131m\u0131zla, enerji sekt\u00f6r\u00fcnde \u00f6nc\u00fc bir rol oynamay\u0131 ama\u00e7l\u0131yoruz. M\u00fc\u015fterilerimize en son yenilik\u00e7i enerji \u00e7\u00f6z\u00fcmlerini sunarak, s\u00fcrd\u00fcr\u00fclebilir bir gelecek in\u015fa etmeye kararl\u0131y\u0131z.<\/p>\t\t\t\t\t\t<\/div>\n\t\t\t\t<\/div>\n\t\t\t\t\t<\/div>\n\t\t<\/div>\n\t\t\t\t\t<\/div>\n\t\t<\/section>\n\t\t\t\t<\/div>\n\t\t","protected":false},"excerpt":{"rendered":"<p>Enerji Akdemir Enerji, enerji sekt\u00f6r\u00fcndeki g\u00fc\u00e7l\u00fc varl\u0131\u011f\u0131yla \u00e7evresel s\u00fcrd\u00fcr\u00fclebilirli\u011fi ve yenilik\u00e7i enerji \u00e7\u00f6z\u00fcmlerini desteklemeye odaklanm\u0131\u015ft\u0131r. Yenilenebilir enerji kaynaklar\u0131na olan ba\u011fl\u0131l\u0131\u011f\u0131m\u0131z, \u015firketimizin temel prensiplerinden biridir. G\u00fcne\u015f, r\u00fczgar ve hidroelektrik gibi yenilenebilir enerji kaynaklar\u0131na yapt\u0131\u011f\u0131m\u0131z yat\u0131r\u0131mlar, sadece \u00e7evresel etkileri en aza indirgemekle kalmaz, ayn\u0131 zamanda enerji verimlili\u011fini art\u0131rarak s\u00fcrd\u00fcr\u00fclebilir bir gelece\u011fe katk\u0131da bulunur. Akdemir Enerji olarak, inovasyona [&hellip;]<\/p>\n","protected":false},"author":1,"featured_media":0,"parent":0,"menu_order":0,"comment_status":"closed","ping_status":"closed","template":"elementor_canvas","meta":{"footnotes":""},"class_list":["post-19","page","type-page","status-publish","hentry"],"_links":{"self":[{"href":"https:\/\/akdemirenerji.com.tr\/index.php?rest_route=\/wp\/v2\/pages\/19","targetHints":{"allow":["GET"]}}],"collection":[{"href":"https:\/\/akdemirenerji.com.tr\/index.php?rest_route=\/wp\/v2\/pages"}],"about":[{"href":"https:\/\/akdemirenerji.com.tr\/index.php?rest_route=\/wp\/v2\/types\/page"}],"author":[{"embeddable":true,"href":"https:\/\/akdemirenerji.com.tr\/index.php?rest_route=\/wp\/v2\/users\/1"}],"replies":[{"embeddable":true,"href":"https:\/\/akdemirenerji.com.tr\/index.php?rest_route=%2Fwp%2Fv2%2Fcomments&post=19"}],"version-history":[{"count":41,"href":"https:\/\/akdemirenerji.com.tr\/index.php?rest_route=\/wp\/v2\/pages\/19\/revisions"}],"predecessor-version":[{"id":1960,"href":"https:\/\/akdemirenerji.com.tr\/index.php?rest_route=\/wp\/v2\/pages\/19\/revisions\/1960"}],"wp:attachment":[{"href":"https:\/\/akdemirenerji.com.tr\/index.php?rest_route=%2Fwp%2Fv2%2Fmedia&parent=19"}],"curies":[{"name":"wp","href":"https:\/\/api.w.org\/{rel}","templated":true}]}}